{"id":8820,"date":"2025-06-18T17:10:37","date_gmt":"2025-06-18T20:10:37","guid":{"rendered":"https:\/\/www.certisur.com\/?page_id=8820"},"modified":"2025-10-03T12:55:01","modified_gmt":"2025-10-03T15:55:01","slug":"33-of-argentinians-who-use-the-internet-have-suffered-a-cyberattack-in-the-last-year","status":"publish","type":"page","link":"https:\/\/www.certisur.com\/en\/news\/33-of-argentinians-who-use-the-internet-have-suffered-a-cyberattack-in-the-last-year\/","title":{"rendered":"33% of Argentinians who use the internet have suffered a cyberattack in the last year."},"content":{"rendered":"\t\t<div data-elementor-type=\"wp-page\" data-elementor-id=\"8820\" class=\"elementor elementor-8820 elementor-8819\" data-elementor-post-type=\"page\">\n\t\t\t\t\t\t<section class=\"elementor-section elementor-top-section elementor-element elementor-element-cc9c265 cs-elementor-noticia-header elementor-section-boxed elementor-section-height-default elementor-section-height-default\" data-id=\"cc9c265\" data-element_type=\"section\">\n\t\t\t\t\t\t<div class=\"elementor-container elementor-column-gap-default\">\n\t\t\t\t\t<div class=\"elementor-column elementor-col-100 elementor-top-column elementor-element elementor-element-07d5b79\" data-id=\"07d5b79\" data-element_type=\"column\">\n\t\t\t<div class=\"elementor-widget-wrap elementor-element-populated\">\n\t\t\t\t\t\t<div class=\"elementor-element elementor-element-977de0b elementor-widget elementor-widget-heading\" data-id=\"977de0b\" data-element_type=\"widget\" data-widget_type=\"heading.default\">\n\t\t\t\t<div class=\"elementor-widget-container\">\n\t\t\t\t\t<h1 class=\"elementor-heading-title elementor-size-default\">33% of Argentinians who use the internet have suffered a cyberattack in the last year.<\/h1>\t\t\t\t<\/div>\n\t\t\t\t<\/div>\n\t\t\t\t<div class=\"elementor-element elementor-element-fdd2c6d elementor-widget elementor-widget-text-editor\" data-id=\"fdd2c6d\" data-element_type=\"widget\" data-widget_type=\"text-editor.default\">\n\t\t\t\t<div class=\"elementor-widget-container\">\n\t\t\t\t\t\t\t\t\t<p dir=\"ltr\" style=\"line-height: 1.38; margin-top: 12pt; margin-bottom: 12pt;\">Concerns about sensitive data collection and the advancement of AI are alarming users, who are demanding greater investment in defensive technologies and transparency. Ninety-eight percent say they use security tools. <\/p>\t\t\t\t\t\t\t\t<\/div>\n\t\t\t\t<\/div>\n\t\t\t\t<div class=\"elementor-element elementor-element-6251c41 cs-elementor-noticia-header-date elementor-widget elementor-widget-text-editor\" data-id=\"6251c41\" data-element_type=\"widget\" data-widget_type=\"text-editor.default\">\n\t\t\t\t<div class=\"elementor-widget-container\">\n\t\t\t\t\t\t\t\t\tJune 18, 2025\t\t\t\t\t\t\t\t<\/div>\n\t\t\t\t<\/div>\n\t\t\t\t<div class=\"elementor-element elementor-element-5d15bf8 elementor-widget-divider--view-line elementor-widget elementor-widget-divider\" data-id=\"5d15bf8\" data-element_type=\"widget\" data-widget_type=\"divider.default\">\n\t\t\t\t<div class=\"elementor-widget-container\">\n\t\t\t\t\t\t\t<div class=\"elementor-divider\">\n\t\t\t<span class=\"elementor-divider-separator\">\n\t\t\t\t\t\t<\/span>\n\t\t<\/div>\n\t\t\t\t\t\t<\/div>\n\t\t\t\t<\/div>\n\t\t\t\t\t<\/div>\n\t\t<\/div>\n\t\t\t\t\t<\/div>\n\t\t<\/section>\n\t\t\t\t<section class=\"elementor-section elementor-top-section elementor-element elementor-element-63c4f558 elementor-section-boxed elementor-section-height-default elementor-section-height-default\" data-id=\"63c4f558\" data-element_type=\"section\">\n\t\t\t\t\t\t<div class=\"elementor-container elementor-column-gap-default\">\n\t\t\t\t\t<div class=\"elementor-column elementor-col-100 elementor-top-column elementor-element elementor-element-70f0973b\" data-id=\"70f0973b\" data-element_type=\"column\">\n\t\t\t<div class=\"elementor-widget-wrap elementor-element-populated\">\n\t\t\t\t\t\t<div class=\"elementor-element elementor-element-281ce271 elementor-widget elementor-widget-text-editor\" data-id=\"281ce271\" data-element_type=\"widget\" data-widget_type=\"text-editor.default\">\n\t\t\t\t<div class=\"elementor-widget-container\">\n\t\t\t\t\t\t\t\t\t<p><b>33%<\/b> of internet users in <b>Argentina<\/b> have been victims of some type of <b>cyberattack or fraud<\/b> in the last year, amidst a context of continued digitalization, massive adoption of artificial intelligence, and the progressive incorporation of new security tools, but also marked by a growing sense of vulnerability, according to <b>CertiSur<\/b>, which provides security certificates for websites.<\/p><p class=\"paragraph\" data-mrf-recirculation=\"Links inline\">Distrust of corporate protection has deepened. According to N\u00e9stor Markowicz, director of operations at CertiSur, &#8220;awareness about protection is growing, but it&#8217;s not enough because many people have suffered fraud. Furthermore,<b> they still feel distrust because their companies don&#8217;t guarantee that their data<\/b> and privacy are being protected.&#8221;  <\/p><div class=\"inline ad-wrapper\"><div class=\"dfpAd ad-inline\"> <\/div><\/div><p class=\"paragraph\" data-mrf-recirculation=\"Links inline\">In the same comment, shared by the <i>NA<\/i> news agency, he added: &#8220;There is a widespread feeling of vulnerability, and companies that offer cybersecurity solutions <b>have an obligation to help with education and transparency<\/b> so that this gap between perception and protection becomes real.&#8221;<\/p><p data-mrf-recirculation=\"Links inline\">According to the report, user concerns have evolved in line with the rise in attacks. Around 33% of users surveyed acknowledged having recently experienced hacking or fraud, despite the fact<b> that 98% use some type of security tool.<\/b> <\/p><p data-mrf-recirculation=\"Links inline\">74% of those surveyed also demand <b>\u201cgreater investment in brand and user protection\u201d<\/b>, while 53% mention security as the main criterion for choosing a method.<\/p><p class=\"paragraph\" data-mrf-recirculation=\"Links inline\">The advance of digitalization is reflected in the fact that 89% of people have been using the Internet for more than fifteen years, and the average number of connected devices per household reaches five.<\/p><p class=\"paragraph\" data-mrf-recirculation=\"Links inline\">However, significant barriers to completing online procedures remain, especially regarding digital signatures and identity validation processes.<\/p><p class=\"paragraph\" data-mrf-recirculation=\"Links inline\">While 75% identified what a digital contract is, only 27% of users generated or received one in the last year. Within that group, more than 80% expressed uncertainty about its authenticity or formality; many also lack knowledge of how to verify the validity of these documents or the mechanisms for filing a complaint regarding problems with their recognition. <\/p><p class=\"paragraph\" data-mrf-recirculation=\"Links inline\">Ninety-eight percent of survey participants are familiar with or use security tools, and the use of methods such as multi-factor authentication and biometrics is increasing. However, only four out of ten users trust that companies truly protect their information. <\/p><p class=\"paragraph\" data-mrf-recirculation=\"Links inline\">The protection of personal data appears to be one of the main outstanding issues. 70% of respondents expressed concern about the amount of sensitive information that artificial intelligence can collect about each user. <\/p><p class=\"paragraph\" data-mrf-recirculation=\"Links inline\">Meanwhile, 94% demand greater investment in defensive technologies aimed at preventing threats such as phishing or identity theft. Of those who were victims of unauthorized use of their data, only 11% received a satisfactory resolution. <\/p><p class=\"paragraph\" data-mrf-recirculation=\"Links inline\">Likewise, 70% believe AI can increase the risk of cyberattacks, and 62% are uncomfortable with facial recognition systems. This tension between the usefulness of automation and the protection of privacy represents a new challenge for those who manage sensitive information. <\/p><p class=\"paragraph\" data-mrf-recirculation=\"Links inline\">The report detailed that security is emerging as a key factor in user loyalty. According to Armando Carratal\u00e1, CTO of CertiSur: &#8220;These results are not just data, but also an opportunity. Previously, companies believed they were secure by having an active antivirus. Today, they know they must have a certificate.&#8221;  <\/p><p data-mrf-recirculation=\"Links inline\"><a href=\"https:\/\/www.infobae.com\/sociedad\/2025\/06\/18\/un-33-de-los-argentinos-que-usan-internet-sufrio-un-ciberataque-en-el-ultimo-ano\/\"><em>Infobae<\/em><\/a><\/p>\t\t\t\t\t\t\t\t<\/div>\n\t\t\t\t<\/div>\n\t\t\t\t\t<\/div>\n\t\t<\/div>\n\t\t\t\t\t<\/div>\n\t\t<\/section>\n\t\t\t\t<\/div>\n\t\t","protected":false},"excerpt":{"rendered":"<p>33% of Argentinians who use the internet have suffered a cyberattack in the last year. Concerns about sensitive data collection and the advancement of AI are alarming users, who are demanding greater investment in defensive technologies and transparency. Ninety-eight percent say they use security tools. 33% of internet users in Argentina have been victims of [&hellip;]<\/p>\n","protected":false},"author":1,"featured_media":8427,"parent":4975,"menu_order":0,"comment_status":"closed","ping_status":"closed","template":"","meta":{"_acf_changed":false,"footnotes":""},"categories":[69],"class_list":["post-8820","page","type-page","status-publish","has-post-thumbnail","hentry","category-news"],"acf":[],"yoast_head":"<!-- This site is optimized with the Yoast SEO plugin v25.6 - https:\/\/yoast.com\/wordpress\/plugins\/seo\/ -->\n<title>CertiSur<\/title>\n<meta name=\"description\" content=\"La preocupaci\u00f3n por la recolecci\u00f3n de datos sensibles y el avance de la IA alarma a los usuarios, que exigen mayor inversi\u00f3n en tecnolog\u00edas defensivas.\" \/>\n<meta name=\"robots\" content=\"index, follow, max-snippet:-1, max-image-preview:large, max-video-preview:-1\" \/>\n<link rel=\"canonical\" href=\"https:\/\/www.certisur.com\/en\/news\/33-of-argentinians-who-use-the-internet-have-suffered-a-cyberattack-in-the-last-year\/\" \/>\n<meta property=\"og:locale\" content=\"en_US\" \/>\n<meta property=\"og:type\" content=\"article\" \/>\n<meta property=\"og:title\" content=\"33% of Argentinians who use the internet have suffered a cyberattack in the last year. - CertiSur\" \/>\n<meta property=\"og:description\" content=\"La preocupaci\u00f3n por la recolecci\u00f3n de datos sensibles y el avance de la IA alarma a los usuarios, que exigen mayor inversi\u00f3n en tecnolog\u00edas defensivas.\" \/>\n<meta property=\"og:url\" content=\"https:\/\/www.certisur.com\/en\/news\/33-of-argentinians-who-use-the-internet-have-suffered-a-cyberattack-in-the-last-year\/\" \/>\n<meta property=\"og:site_name\" content=\"CertiSur\" \/>\n<meta property=\"article:publisher\" content=\"https:\/\/www.facebook.com\/CertiSur\" \/>\n<meta property=\"article:modified_time\" content=\"2025-10-03T15:55:01+00:00\" \/>\n<meta property=\"og:image\" content=\"https:\/\/www.certisur.com\/wp-content\/uploads\/Estudio-Dalessio-y-Certisur.jpg\" \/>\n\t<meta property=\"og:image:width\" content=\"1413\" \/>\n\t<meta property=\"og:image:height\" content=\"798\" \/>\n\t<meta property=\"og:image:type\" content=\"image\/jpeg\" \/>\n<meta name=\"twitter:card\" content=\"summary_large_image\" \/>\n<meta name=\"twitter:site\" content=\"@CertiSur\" \/>\n<meta name=\"twitter:label1\" content=\"Est. reading time\" \/>\n\t<meta name=\"twitter:data1\" content=\"2 minutes\" \/>\n<script type=\"application\/ld+json\" class=\"yoast-schema-graph\">{\"@context\":\"https:\/\/schema.org\",\"@graph\":[{\"@type\":\"WebPage\",\"@id\":\"https:\/\/www.certisur.com\/en\/news\/33-of-argentinians-who-use-the-internet-have-suffered-a-cyberattack-in-the-last-year\/\",\"url\":\"https:\/\/www.certisur.com\/en\/news\/33-of-argentinians-who-use-the-internet-have-suffered-a-cyberattack-in-the-last-year\/\",\"name\":\"33% of Argentinians who use the internet have suffered a cyberattack in the last year. - CertiSur\",\"isPartOf\":{\"@id\":\"https:\/\/www.certisur.com\/en\/#website\"},\"primaryImageOfPage\":{\"@id\":\"https:\/\/www.certisur.com\/en\/news\/33-of-argentinians-who-use-the-internet-have-suffered-a-cyberattack-in-the-last-year\/#primaryimage\"},\"image\":{\"@id\":\"https:\/\/www.certisur.com\/en\/news\/33-of-argentinians-who-use-the-internet-have-suffered-a-cyberattack-in-the-last-year\/#primaryimage\"},\"thumbnailUrl\":\"https:\/\/www.certisur.com\/wp-content\/uploads\/Estudio-Dalessio-y-Certisur.jpg\",\"datePublished\":\"2025-06-18T20:10:37+00:00\",\"dateModified\":\"2025-10-03T15:55:01+00:00\",\"description\":\"La preocupaci\u00f3n por la recolecci\u00f3n de datos sensibles y el avance de la IA alarma a los usuarios, que exigen mayor inversi\u00f3n en tecnolog\u00edas defensivas.\",\"breadcrumb\":{\"@id\":\"https:\/\/www.certisur.com\/en\/news\/33-of-argentinians-who-use-the-internet-have-suffered-a-cyberattack-in-the-last-year\/#breadcrumb\"},\"inLanguage\":\"en-US\",\"potentialAction\":[{\"@type\":\"ReadAction\",\"target\":[\"https:\/\/www.certisur.com\/en\/news\/33-of-argentinians-who-use-the-internet-have-suffered-a-cyberattack-in-the-last-year\/\"]}]},{\"@type\":\"ImageObject\",\"inLanguage\":\"en-US\",\"@id\":\"https:\/\/www.certisur.com\/en\/news\/33-of-argentinians-who-use-the-internet-have-suffered-a-cyberattack-in-the-last-year\/#primaryimage\",\"url\":\"https:\/\/www.certisur.com\/wp-content\/uploads\/Estudio-Dalessio-y-Certisur.jpg\",\"contentUrl\":\"https:\/\/www.certisur.com\/wp-content\/uploads\/Estudio-Dalessio-y-Certisur.jpg\",\"width\":1413,\"height\":798,\"caption\":\"Estudio CertiSur\"},{\"@type\":\"BreadcrumbList\",\"@id\":\"https:\/\/www.certisur.com\/en\/news\/33-of-argentinians-who-use-the-internet-have-suffered-a-cyberattack-in-the-last-year\/#breadcrumb\",\"itemListElement\":[{\"@type\":\"ListItem\",\"position\":1,\"name\":\"News\",\"item\":\"https:\/\/www.certisur.com\/en\/news\/\"},{\"@type\":\"ListItem\",\"position\":2,\"name\":\"33% of Argentinians who use the internet have suffered a cyberattack in the last year.\"}]},{\"@type\":\"WebSite\",\"@id\":\"https:\/\/www.certisur.com\/en\/#website\",\"url\":\"https:\/\/www.certisur.com\/en\/\",\"name\":\"CertiSur\",\"description\":\"\",\"publisher\":{\"@id\":\"https:\/\/www.certisur.com\/en\/#organization\"},\"potentialAction\":[{\"@type\":\"SearchAction\",\"target\":{\"@type\":\"EntryPoint\",\"urlTemplate\":\"https:\/\/www.certisur.com\/en\/?s={search_term_string}\"},\"query-input\":{\"@type\":\"PropertyValueSpecification\",\"valueRequired\":true,\"valueName\":\"search_term_string\"}}],\"inLanguage\":\"en-US\"},{\"@type\":\"Organization\",\"@id\":\"https:\/\/www.certisur.com\/en\/#organization\",\"name\":\"CertiSur\",\"url\":\"https:\/\/www.certisur.com\/en\/\",\"logo\":{\"@type\":\"ImageObject\",\"inLanguage\":\"en-US\",\"@id\":\"https:\/\/www.certisur.com\/en\/#\/schema\/logo\/image\/\",\"url\":\"https:\/\/www.certisur.com\/wp-content\/uploads\/Logo-CertiSur-Signo-de-Confianza-300dpi-copy.png\",\"contentUrl\":\"https:\/\/www.certisur.com\/wp-content\/uploads\/Logo-CertiSur-Signo-de-Confianza-300dpi-copy.png\",\"width\":3075,\"height\":2483,\"caption\":\"CertiSur\"},\"image\":{\"@id\":\"https:\/\/www.certisur.com\/en\/#\/schema\/logo\/image\/\"},\"sameAs\":[\"https:\/\/www.facebook.com\/CertiSur\",\"https:\/\/x.com\/CertiSur\",\"https:\/\/www.youtube.com\/c\/TecnologaCertiSur\"]}]}<\/script>\n<!-- \/ Yoast SEO plugin. -->","yoast_head_json":{"title":"CertiSur","description":"La preocupaci\u00f3n por la recolecci\u00f3n de datos sensibles y el avance de la IA alarma a los usuarios, que exigen mayor inversi\u00f3n en tecnolog\u00edas defensivas.","robots":{"index":"index","follow":"follow","max-snippet":"max-snippet:-1","max-image-preview":"max-image-preview:large","max-video-preview":"max-video-preview:-1"},"canonical":"https:\/\/www.certisur.com\/en\/news\/33-of-argentinians-who-use-the-internet-have-suffered-a-cyberattack-in-the-last-year\/","og_locale":"en_US","og_type":"article","og_title":"33% of Argentinians who use the internet have suffered a cyberattack in the last year. - CertiSur","og_description":"La preocupaci\u00f3n por la recolecci\u00f3n de datos sensibles y el avance de la IA alarma a los usuarios, que exigen mayor inversi\u00f3n en tecnolog\u00edas defensivas.","og_url":"https:\/\/www.certisur.com\/en\/news\/33-of-argentinians-who-use-the-internet-have-suffered-a-cyberattack-in-the-last-year\/","og_site_name":"CertiSur","article_publisher":"https:\/\/www.facebook.com\/CertiSur","article_modified_time":"2025-10-03T15:55:01+00:00","og_image":[{"width":1413,"height":798,"url":"https:\/\/www.certisur.com\/wp-content\/uploads\/Estudio-Dalessio-y-Certisur.jpg","type":"image\/jpeg"}],"twitter_card":"summary_large_image","twitter_site":"@CertiSur","twitter_misc":{"Est. reading time":"2 minutes"},"schema":{"@context":"https:\/\/schema.org","@graph":[{"@type":"WebPage","@id":"https:\/\/www.certisur.com\/en\/news\/33-of-argentinians-who-use-the-internet-have-suffered-a-cyberattack-in-the-last-year\/","url":"https:\/\/www.certisur.com\/en\/news\/33-of-argentinians-who-use-the-internet-have-suffered-a-cyberattack-in-the-last-year\/","name":"33% of Argentinians who use the internet have suffered a cyberattack in the last year. - CertiSur","isPartOf":{"@id":"https:\/\/www.certisur.com\/en\/#website"},"primaryImageOfPage":{"@id":"https:\/\/www.certisur.com\/en\/news\/33-of-argentinians-who-use-the-internet-have-suffered-a-cyberattack-in-the-last-year\/#primaryimage"},"image":{"@id":"https:\/\/www.certisur.com\/en\/news\/33-of-argentinians-who-use-the-internet-have-suffered-a-cyberattack-in-the-last-year\/#primaryimage"},"thumbnailUrl":"https:\/\/www.certisur.com\/wp-content\/uploads\/Estudio-Dalessio-y-Certisur.jpg","datePublished":"2025-06-18T20:10:37+00:00","dateModified":"2025-10-03T15:55:01+00:00","description":"La preocupaci\u00f3n por la recolecci\u00f3n de datos sensibles y el avance de la IA alarma a los usuarios, que exigen mayor inversi\u00f3n en tecnolog\u00edas defensivas.","breadcrumb":{"@id":"https:\/\/www.certisur.com\/en\/news\/33-of-argentinians-who-use-the-internet-have-suffered-a-cyberattack-in-the-last-year\/#breadcrumb"},"inLanguage":"en-US","potentialAction":[{"@type":"ReadAction","target":["https:\/\/www.certisur.com\/en\/news\/33-of-argentinians-who-use-the-internet-have-suffered-a-cyberattack-in-the-last-year\/"]}]},{"@type":"ImageObject","inLanguage":"en-US","@id":"https:\/\/www.certisur.com\/en\/news\/33-of-argentinians-who-use-the-internet-have-suffered-a-cyberattack-in-the-last-year\/#primaryimage","url":"https:\/\/www.certisur.com\/wp-content\/uploads\/Estudio-Dalessio-y-Certisur.jpg","contentUrl":"https:\/\/www.certisur.com\/wp-content\/uploads\/Estudio-Dalessio-y-Certisur.jpg","width":1413,"height":798,"caption":"Estudio CertiSur"},{"@type":"BreadcrumbList","@id":"https:\/\/www.certisur.com\/en\/news\/33-of-argentinians-who-use-the-internet-have-suffered-a-cyberattack-in-the-last-year\/#breadcrumb","itemListElement":[{"@type":"ListItem","position":1,"name":"News","item":"https:\/\/www.certisur.com\/en\/news\/"},{"@type":"ListItem","position":2,"name":"33% of Argentinians who use the internet have suffered a cyberattack in the last year."}]},{"@type":"WebSite","@id":"https:\/\/www.certisur.com\/en\/#website","url":"https:\/\/www.certisur.com\/en\/","name":"CertiSur","description":"","publisher":{"@id":"https:\/\/www.certisur.com\/en\/#organization"},"potentialAction":[{"@type":"SearchAction","target":{"@type":"EntryPoint","urlTemplate":"https:\/\/www.certisur.com\/en\/?s={search_term_string}"},"query-input":{"@type":"PropertyValueSpecification","valueRequired":true,"valueName":"search_term_string"}}],"inLanguage":"en-US"},{"@type":"Organization","@id":"https:\/\/www.certisur.com\/en\/#organization","name":"CertiSur","url":"https:\/\/www.certisur.com\/en\/","logo":{"@type":"ImageObject","inLanguage":"en-US","@id":"https:\/\/www.certisur.com\/en\/#\/schema\/logo\/image\/","url":"https:\/\/www.certisur.com\/wp-content\/uploads\/Logo-CertiSur-Signo-de-Confianza-300dpi-copy.png","contentUrl":"https:\/\/www.certisur.com\/wp-content\/uploads\/Logo-CertiSur-Signo-de-Confianza-300dpi-copy.png","width":3075,"height":2483,"caption":"CertiSur"},"image":{"@id":"https:\/\/www.certisur.com\/en\/#\/schema\/logo\/image\/"},"sameAs":["https:\/\/www.facebook.com\/CertiSur","https:\/\/x.com\/CertiSur","https:\/\/www.youtube.com\/c\/TecnologaCertiSur"]}]}},"_links":{"self":[{"href":"https:\/\/www.certisur.com\/en\/wp-json\/wp\/v2\/pages\/8820","targetHints":{"allow":["GET"]}}],"collection":[{"href":"https:\/\/www.certisur.com\/en\/wp-json\/wp\/v2\/pages"}],"about":[{"href":"https:\/\/www.certisur.com\/en\/wp-json\/wp\/v2\/types\/page"}],"author":[{"embeddable":true,"href":"https:\/\/www.certisur.com\/en\/wp-json\/wp\/v2\/users\/1"}],"replies":[{"embeddable":true,"href":"https:\/\/www.certisur.com\/en\/wp-json\/wp\/v2\/comments?post=8820"}],"version-history":[{"count":3,"href":"https:\/\/www.certisur.com\/en\/wp-json\/wp\/v2\/pages\/8820\/revisions"}],"predecessor-version":[{"id":9075,"href":"https:\/\/www.certisur.com\/en\/wp-json\/wp\/v2\/pages\/8820\/revisions\/9075"}],"up":[{"embeddable":true,"href":"https:\/\/www.certisur.com\/en\/wp-json\/wp\/v2\/pages\/4975"}],"wp:featuredmedia":[{"embeddable":true,"href":"https:\/\/www.certisur.com\/en\/wp-json\/wp\/v2\/media\/8427"}],"wp:attachment":[{"href":"https:\/\/www.certisur.com\/en\/wp-json\/wp\/v2\/media?parent=8820"}],"wp:term":[{"taxonomy":"category","embeddable":true,"href":"https:\/\/www.certisur.com\/en\/wp-json\/wp\/v2\/categories?post=8820"}],"curies":[{"name":"wp","href":"https:\/\/api.w.org\/{rel}","templated":true}]}}