{"id":6562,"date":"2020-04-29T15:01:01","date_gmt":"2020-04-29T18:01:01","guid":{"rendered":"https:\/\/www.certisur.com\/?page_id=6562"},"modified":"2023-05-02T17:06:21","modified_gmt":"2023-05-02T20:06:21","slug":"no-need-to-fear-blockchain-we-have-to-embrace-it","status":"publish","type":"page","link":"https:\/\/www.certisur.com\/en\/news\/no-need-to-fear-blockchain-we-have-to-embrace-it\/","title":{"rendered":"No need to fear Blockchain, we have to embrace it"},"content":{"rendered":"\t\t<div data-elementor-type=\"wp-page\" data-elementor-id=\"6562\" class=\"elementor elementor-6562 elementor-6561\" data-elementor-post-type=\"page\">\n\t\t\t\t\t\t<section class=\"elementor-section elementor-top-section elementor-element elementor-element-b919aa4 cs-elementor-noticia-header elementor-section-boxed elementor-section-height-default elementor-section-height-default\" data-id=\"b919aa4\" data-element_type=\"section\">\n\t\t\t\t\t\t<div class=\"elementor-container elementor-column-gap-default\">\n\t\t\t\t\t<div class=\"elementor-column elementor-col-100 elementor-top-column elementor-element elementor-element-6b7975c\" data-id=\"6b7975c\" data-element_type=\"column\">\n\t\t\t<div class=\"elementor-widget-wrap elementor-element-populated\">\n\t\t\t\t\t\t<div class=\"elementor-element elementor-element-6797836 elementor-widget elementor-widget-heading\" data-id=\"6797836\" data-element_type=\"widget\" data-widget_type=\"heading.default\">\n\t\t\t\t<div class=\"elementor-widget-container\">\n\t\t\t\t\t<h1 class=\"elementor-heading-title elementor-size-default\">No need to fear Blockchain, we have to embrace it<\/h1>\t\t\t\t<\/div>\n\t\t\t\t<\/div>\n\t\t\t\t<div class=\"elementor-element elementor-element-f31641f elementor-widget elementor-widget-text-editor\" data-id=\"f31641f\" data-element_type=\"widget\" data-widget_type=\"text-editor.default\">\n\t\t\t\t<div class=\"elementor-widget-container\">\n\t\t\t\t\t\t\t\t\t<p>The head of research and development at Digicert shares his vision regarding the use of blockchain in cybersecurity. How useful can this tool be for other productive processes as well?<\/p>\n\t\t\t\t\t\t\t\t<\/div>\n\t\t\t\t<\/div>\n\t\t\t\t<div class=\"elementor-element elementor-element-81013e2 cs-elementor-noticia-header-date elementor-widget elementor-widget-text-editor\" data-id=\"81013e2\" data-element_type=\"widget\" data-widget_type=\"text-editor.default\">\n\t\t\t\t<div class=\"elementor-widget-container\">\n\t\t\t\t\t\t\t\t\t29 April, 2020\t\t\t\t\t\t\t\t<\/div>\n\t\t\t\t<\/div>\n\t\t\t\t<div class=\"elementor-element elementor-element-f67a190 elementor-widget-divider--view-line elementor-widget elementor-widget-divider\" data-id=\"f67a190\" data-element_type=\"widget\" data-widget_type=\"divider.default\">\n\t\t\t\t<div class=\"elementor-widget-container\">\n\t\t\t\t\t\t\t<div class=\"elementor-divider\">\n\t\t\t<span class=\"elementor-divider-separator\">\n\t\t\t\t\t\t<\/span>\n\t\t<\/div>\n\t\t\t\t\t\t<\/div>\n\t\t\t\t<\/div>\n\t\t\t\t\t<\/div>\n\t\t<\/div>\n\t\t\t\t\t<\/div>\n\t\t<\/section>\n\t\t\t\t<section class=\"elementor-section elementor-top-section elementor-element elementor-element-6d95d727 elementor-section-boxed elementor-section-height-default elementor-section-height-default\" data-id=\"6d95d727\" data-element_type=\"section\">\n\t\t\t\t\t\t<div class=\"elementor-container elementor-column-gap-default\">\n\t\t\t\t\t<div class=\"elementor-column elementor-col-100 elementor-top-column elementor-element elementor-element-6811d62a\" data-id=\"6811d62a\" data-element_type=\"column\">\n\t\t\t<div class=\"elementor-widget-wrap elementor-element-populated\">\n\t\t\t\t\t\t<div class=\"elementor-element elementor-element-475929ce elementor-widget elementor-widget-text-editor\" data-id=\"475929ce\" data-element_type=\"widget\" data-widget_type=\"text-editor.default\">\n\t\t\t\t<div class=\"elementor-widget-container\">\n\t\t\t\t\t\t\t\t\t<p><strong>By Cristian Ar\u00e1nguiz.<\/strong> In an interview with Am\u00e9ricaEconom\u00eda<strong>Avesta Hojjati, Head of R&amp;D at DigiCert<\/strong>, demystifies that blockchain is the great and only solution for cybersecurity, and affirms that the key lies in its good use, but in the understanding with other applications. In addition, Hojjati reaffirms the productive power that blockchain delivers in the productive processes of companies.<\/p>\n<p><strong>Should blockchain be accepted as the next great productivity technology or is it still under development?<\/strong><\/p>\n<p>The first thing is to make clear that blockchain represents your applications. Something very important <span style=\"color: var( --e-global-color-text ); font-weight: var( --e-global-typography-text-font-weight );\">happened<\/span><span style=\"color: var( --e-global-color-text ); font-weight: var( --e-global-typography-text-font-weight );\"> between 2009 and 2010, when bitcoin appeared. Everyone started thinking that blockchain was just bitcoin. While its transparency, adaptability and blockchain skills are the core that needs to be understood. Today there is still a lot of misinformation about it. No need to fear blockchain, you have to accept it.<\/span><\/p>\n<p><strong>&#8211; Blockhain is the best technology today to solve cybersecurity problems?<\/strong><\/p>\n<p>-What I could tell you is that blockchain does not come to solve all the security problems that exist, and that is what DigiCert is focused on today. We are seeing blockchain as a security tool, inside a toolbox, but we do not see blockchain as a solution to all our digital security problems.<\/p>\n<p><strong>-If blockchain is not the panacea for all cybersecurity problems, what is your contribution to cybersecurity?<\/strong><\/p>\n<p>-When you think about cybersecurity and blockchain, the first question that people should ask is: what problem resolves blockchain in the infrastructure of my cybersecurity? For example, having the ability to audit access to servers is very important for those in charge of a company&#8217;s cybersecurity; since if you have a server that gathers all the accesses of the server and you want to make sure that nobody has changed the access to this server, including someone that could be attacking these servers, blockchain is something that helps you. Because if you are able to put your general state of operation in blockchain, you can receive consensus from other parties; You can be sure that you can not change the information in the past or change the history. Not only would it be very difficult to cheat or modify data, but you could also verify, based on your history, the people who interacted with you.<\/p>\n\t\t\t\t\t\t\t\t<\/div>\n\t\t\t\t<\/div>\n\t\t\t\t\t<\/div>\n\t\t<\/div>\n\t\t\t\t\t<\/div>\n\t\t<\/section>\n\t\t\t\t<section class=\"elementor-section elementor-top-section elementor-element elementor-element-754bbece elementor-section-boxed elementor-section-height-default elementor-section-height-default\" data-id=\"754bbece\" data-element_type=\"section\">\n\t\t\t\t\t\t<div class=\"elementor-container elementor-column-gap-default\">\n\t\t\t\t\t<div class=\"elementor-column elementor-col-100 elementor-top-column elementor-element elementor-element-6bd3229d\" data-id=\"6bd3229d\" data-element_type=\"column\">\n\t\t\t<div class=\"elementor-widget-wrap elementor-element-populated\">\n\t\t\t\t\t\t<div class=\"elementor-element elementor-element-3f8973f cs-elementor-button cs-elementor-button-icon-right elementor-widget elementor-widget-button\" data-id=\"3f8973f\" data-element_type=\"widget\" data-widget_type=\"button.default\">\n\t\t\t\t<div class=\"elementor-widget-container\">\n\t\t\t\t\t\t\t\t\t<div class=\"elementor-button-wrapper\">\n\t\t\t\t\t<a class=\"elementor-button elementor-button-link elementor-size-sm\" href=\"https:\/\/tecno.americaeconomia.com\/articulos\/avesta-hojjati-de-digicert-no-hay-que-temerle-blockchain-hay-que-aceptarlo\">\n\t\t\t\t\t\t<span class=\"elementor-button-content-wrapper\">\n\t\t\t\t\t\t<span class=\"elementor-button-icon\">\n\t\t\t\t<i aria-hidden=\"true\" class=\"fas fa-external-link-alt\"><\/i>\t\t\t<\/span>\n\t\t\t\t\t\t\t\t\t<span class=\"elementor-button-text\">Continue Reading<\/span>\n\t\t\t\t\t<\/span>\n\t\t\t\t\t<\/a>\n\t\t\t\t<\/div>\n\t\t\t\t\t\t\t\t<\/div>\n\t\t\t\t<\/div>\n\t\t\t\t\t<\/div>\n\t\t<\/div>\n\t\t\t\t\t<\/div>\n\t\t<\/section>\n\t\t\t\t<\/div>\n\t\t","protected":false},"excerpt":{"rendered":"<p>The head of research and development at Digicert shares his vision regarding the use of blockchain in cybersecurity. How useful can this tool be for other productive processes as well? By Cristian Ar\u00e1nguiz. In an interview with Am\u00e9ricaEconom\u00edaAvesta Hojjati, Head of R&amp;D at DigiCert, demystifies that blockchain is the great and only solution for cybersecurity, [&hellip;]<\/p>\n","protected":false},"author":3,"featured_media":0,"parent":4975,"menu_order":0,"comment_status":"closed","ping_status":"closed","template":"","meta":{"_acf_changed":false,"footnotes":""},"categories":[69],"class_list":["post-6562","page","type-page","status-publish","hentry","category-news"],"acf":[],"yoast_head":"<!-- This site is optimized with the Yoast SEO plugin v25.6 - https:\/\/yoast.com\/wordpress\/plugins\/seo\/ -->\n<title>CertiSur<\/title>\n<meta name=\"description\" content=\"&quot;No need to fear Blockchain, we have to embrace it&quot; Avesta Hojjati, DigiCert\" \/>\n<meta name=\"robots\" content=\"index, follow, max-snippet:-1, max-image-preview:large, max-video-preview:-1\" \/>\n<link rel=\"canonical\" href=\"https:\/\/www.certisur.com\/en\/news\/no-need-to-fear-blockchain-we-have-to-embrace-it\/\" \/>\n<meta property=\"og:locale\" content=\"en_US\" \/>\n<meta property=\"og:type\" content=\"article\" \/>\n<meta property=\"og:title\" content=\"&quot;No need to fear Blockchain, we have to embrace it&quot; - CertiSur\" \/>\n<meta property=\"og:description\" content=\"&quot;No need to fear Blockchain, we have to embrace it&quot; Avesta Hojjati, DigiCert\" \/>\n<meta property=\"og:url\" content=\"https:\/\/www.certisur.com\/en\/news\/no-need-to-fear-blockchain-we-have-to-embrace-it\/\" \/>\n<meta property=\"og:site_name\" content=\"CertiSur\" \/>\n<meta property=\"article:publisher\" content=\"https:\/\/www.facebook.com\/CertiSur\" \/>\n<meta property=\"article:modified_time\" content=\"2023-05-02T20:06:21+00:00\" \/>\n<meta name=\"twitter:card\" content=\"summary_large_image\" \/>\n<meta name=\"twitter:site\" content=\"@CertiSur\" \/>\n<meta name=\"twitter:label1\" content=\"Est. reading time\" \/>\n\t<meta name=\"twitter:data1\" content=\"2 minutes\" \/>\n<script type=\"application\/ld+json\" class=\"yoast-schema-graph\">{\"@context\":\"https:\/\/schema.org\",\"@graph\":[{\"@type\":\"WebPage\",\"@id\":\"https:\/\/www.certisur.com\/en\/news\/no-need-to-fear-blockchain-we-have-to-embrace-it\/\",\"url\":\"https:\/\/www.certisur.com\/en\/news\/no-need-to-fear-blockchain-we-have-to-embrace-it\/\",\"name\":\"\\\"No need to fear Blockchain, we have to embrace it\\\" - CertiSur\",\"isPartOf\":{\"@id\":\"https:\/\/www.certisur.com\/en\/#website\"},\"datePublished\":\"2020-04-29T18:01:01+00:00\",\"dateModified\":\"2023-05-02T20:06:21+00:00\",\"description\":\"\\\"No need to fear Blockchain, we have to embrace it\\\" Avesta Hojjati, DigiCert\",\"breadcrumb\":{\"@id\":\"https:\/\/www.certisur.com\/en\/news\/no-need-to-fear-blockchain-we-have-to-embrace-it\/#breadcrumb\"},\"inLanguage\":\"en-US\",\"potentialAction\":[{\"@type\":\"ReadAction\",\"target\":[\"https:\/\/www.certisur.com\/en\/news\/no-need-to-fear-blockchain-we-have-to-embrace-it\/\"]}]},{\"@type\":\"BreadcrumbList\",\"@id\":\"https:\/\/www.certisur.com\/en\/news\/no-need-to-fear-blockchain-we-have-to-embrace-it\/#breadcrumb\",\"itemListElement\":[{\"@type\":\"ListItem\",\"position\":1,\"name\":\"News\",\"item\":\"https:\/\/www.certisur.com\/en\/news\/\"},{\"@type\":\"ListItem\",\"position\":2,\"name\":\"No need to fear Blockchain, we have to embrace it\"}]},{\"@type\":\"WebSite\",\"@id\":\"https:\/\/www.certisur.com\/en\/#website\",\"url\":\"https:\/\/www.certisur.com\/en\/\",\"name\":\"CertiSur\",\"description\":\"\",\"publisher\":{\"@id\":\"https:\/\/www.certisur.com\/en\/#organization\"},\"potentialAction\":[{\"@type\":\"SearchAction\",\"target\":{\"@type\":\"EntryPoint\",\"urlTemplate\":\"https:\/\/www.certisur.com\/en\/?s={search_term_string}\"},\"query-input\":{\"@type\":\"PropertyValueSpecification\",\"valueRequired\":true,\"valueName\":\"search_term_string\"}}],\"inLanguage\":\"en-US\"},{\"@type\":\"Organization\",\"@id\":\"https:\/\/www.certisur.com\/en\/#organization\",\"name\":\"CertiSur\",\"url\":\"https:\/\/www.certisur.com\/en\/\",\"logo\":{\"@type\":\"ImageObject\",\"inLanguage\":\"en-US\",\"@id\":\"https:\/\/www.certisur.com\/en\/#\/schema\/logo\/image\/\",\"url\":\"https:\/\/www.certisur.com\/wp-content\/uploads\/Logo-CertiSur-Signo-de-Confianza-300dpi-copy.png\",\"contentUrl\":\"https:\/\/www.certisur.com\/wp-content\/uploads\/Logo-CertiSur-Signo-de-Confianza-300dpi-copy.png\",\"width\":3075,\"height\":2483,\"caption\":\"CertiSur\"},\"image\":{\"@id\":\"https:\/\/www.certisur.com\/en\/#\/schema\/logo\/image\/\"},\"sameAs\":[\"https:\/\/www.facebook.com\/CertiSur\",\"https:\/\/x.com\/CertiSur\",\"https:\/\/www.youtube.com\/c\/TecnologaCertiSur\"]}]}<\/script>\n<!-- \/ Yoast SEO plugin. -->","yoast_head_json":{"title":"CertiSur","description":"\"No need to fear Blockchain, we have to embrace it\" Avesta Hojjati, DigiCert","robots":{"index":"index","follow":"follow","max-snippet":"max-snippet:-1","max-image-preview":"max-image-preview:large","max-video-preview":"max-video-preview:-1"},"canonical":"https:\/\/www.certisur.com\/en\/news\/no-need-to-fear-blockchain-we-have-to-embrace-it\/","og_locale":"en_US","og_type":"article","og_title":"\"No need to fear Blockchain, we have to embrace it\" - CertiSur","og_description":"\"No need to fear Blockchain, we have to embrace it\" Avesta Hojjati, DigiCert","og_url":"https:\/\/www.certisur.com\/en\/news\/no-need-to-fear-blockchain-we-have-to-embrace-it\/","og_site_name":"CertiSur","article_publisher":"https:\/\/www.facebook.com\/CertiSur","article_modified_time":"2023-05-02T20:06:21+00:00","twitter_card":"summary_large_image","twitter_site":"@CertiSur","twitter_misc":{"Est. reading time":"2 minutes"},"schema":{"@context":"https:\/\/schema.org","@graph":[{"@type":"WebPage","@id":"https:\/\/www.certisur.com\/en\/news\/no-need-to-fear-blockchain-we-have-to-embrace-it\/","url":"https:\/\/www.certisur.com\/en\/news\/no-need-to-fear-blockchain-we-have-to-embrace-it\/","name":"\"No need to fear Blockchain, we have to embrace it\" - CertiSur","isPartOf":{"@id":"https:\/\/www.certisur.com\/en\/#website"},"datePublished":"2020-04-29T18:01:01+00:00","dateModified":"2023-05-02T20:06:21+00:00","description":"\"No need to fear Blockchain, we have to embrace it\" Avesta Hojjati, DigiCert","breadcrumb":{"@id":"https:\/\/www.certisur.com\/en\/news\/no-need-to-fear-blockchain-we-have-to-embrace-it\/#breadcrumb"},"inLanguage":"en-US","potentialAction":[{"@type":"ReadAction","target":["https:\/\/www.certisur.com\/en\/news\/no-need-to-fear-blockchain-we-have-to-embrace-it\/"]}]},{"@type":"BreadcrumbList","@id":"https:\/\/www.certisur.com\/en\/news\/no-need-to-fear-blockchain-we-have-to-embrace-it\/#breadcrumb","itemListElement":[{"@type":"ListItem","position":1,"name":"News","item":"https:\/\/www.certisur.com\/en\/news\/"},{"@type":"ListItem","position":2,"name":"No need to fear Blockchain, we have to embrace it"}]},{"@type":"WebSite","@id":"https:\/\/www.certisur.com\/en\/#website","url":"https:\/\/www.certisur.com\/en\/","name":"CertiSur","description":"","publisher":{"@id":"https:\/\/www.certisur.com\/en\/#organization"},"potentialAction":[{"@type":"SearchAction","target":{"@type":"EntryPoint","urlTemplate":"https:\/\/www.certisur.com\/en\/?s={search_term_string}"},"query-input":{"@type":"PropertyValueSpecification","valueRequired":true,"valueName":"search_term_string"}}],"inLanguage":"en-US"},{"@type":"Organization","@id":"https:\/\/www.certisur.com\/en\/#organization","name":"CertiSur","url":"https:\/\/www.certisur.com\/en\/","logo":{"@type":"ImageObject","inLanguage":"en-US","@id":"https:\/\/www.certisur.com\/en\/#\/schema\/logo\/image\/","url":"https:\/\/www.certisur.com\/wp-content\/uploads\/Logo-CertiSur-Signo-de-Confianza-300dpi-copy.png","contentUrl":"https:\/\/www.certisur.com\/wp-content\/uploads\/Logo-CertiSur-Signo-de-Confianza-300dpi-copy.png","width":3075,"height":2483,"caption":"CertiSur"},"image":{"@id":"https:\/\/www.certisur.com\/en\/#\/schema\/logo\/image\/"},"sameAs":["https:\/\/www.facebook.com\/CertiSur","https:\/\/x.com\/CertiSur","https:\/\/www.youtube.com\/c\/TecnologaCertiSur"]}]}},"_links":{"self":[{"href":"https:\/\/www.certisur.com\/en\/wp-json\/wp\/v2\/pages\/6562","targetHints":{"allow":["GET"]}}],"collection":[{"href":"https:\/\/www.certisur.com\/en\/wp-json\/wp\/v2\/pages"}],"about":[{"href":"https:\/\/www.certisur.com\/en\/wp-json\/wp\/v2\/types\/page"}],"author":[{"embeddable":true,"href":"https:\/\/www.certisur.com\/en\/wp-json\/wp\/v2\/users\/3"}],"replies":[{"embeddable":true,"href":"https:\/\/www.certisur.com\/en\/wp-json\/wp\/v2\/comments?post=6562"}],"version-history":[{"count":0,"href":"https:\/\/www.certisur.com\/en\/wp-json\/wp\/v2\/pages\/6562\/revisions"}],"up":[{"embeddable":true,"href":"https:\/\/www.certisur.com\/en\/wp-json\/wp\/v2\/pages\/4975"}],"wp:attachment":[{"href":"https:\/\/www.certisur.com\/en\/wp-json\/wp\/v2\/media?parent=6562"}],"wp:term":[{"taxonomy":"category","embeddable":true,"href":"https:\/\/www.certisur.com\/en\/wp-json\/wp\/v2\/categories?post=6562"}],"curies":[{"name":"wp","href":"https:\/\/api.w.org\/{rel}","templated":true}]}}