{"id":4977,"date":"2022-08-15T14:02:49","date_gmt":"2022-08-15T17:02:49","guid":{"rendered":"https:\/\/www.certisur.com\/contact\/"},"modified":"2023-12-11T13:26:51","modified_gmt":"2023-12-11T16:26:51","slug":"contact","status":"publish","type":"page","link":"https:\/\/www.certisur.com\/en\/contact\/","title":{"rendered":"Contact"},"content":{"rendered":"\t\t<div data-elementor-type=\"wp-page\" data-elementor-id=\"4977\" class=\"elementor elementor-4977 elementor-188\" data-elementor-post-type=\"page\">\n\t\t\t\t\t\t<section class=\"elementor-section elementor-top-section elementor-element elementor-element-3fd2553 cs-elementor-contacto-section-areas elementor-section-boxed elementor-section-height-default elementor-section-height-default\" data-id=\"3fd2553\" data-element_type=\"section\">\n\t\t\t\t\t\t<div class=\"elementor-container elementor-column-gap-no\">\n\t\t\t\t\t<div class=\"elementor-column elementor-col-50 elementor-top-column elementor-element elementor-element-729a2ca cs-elementor-contacto-section-areas-left\" data-id=\"729a2ca\" data-element_type=\"column\">\n\t\t\t<div class=\"elementor-widget-wrap elementor-element-populated\">\n\t\t\t\t\t\t<div class=\"elementor-element elementor-element-16ce20d cs-elementor-contacto-section-areas-title elementor-widget elementor-widget-heading\" data-id=\"16ce20d\" data-element_type=\"widget\" data-widget_type=\"heading.default\">\n\t\t\t\t<div class=\"elementor-widget-container\">\n\t\t\t\t\t<h2 class=\"elementor-heading-title elementor-size-default\">Sales<\/h2>\t\t\t\t<\/div>\n\t\t\t\t<\/div>\n\t\t\t\t<div class=\"elementor-element elementor-element-30eea4a cs-elementor-contacto-section-areas-intro elementor-widget elementor-widget-text-editor\" data-id=\"30eea4a\" data-element_type=\"widget\" data-widget_type=\"text-editor.default\">\n\t\t\t\t<div class=\"elementor-widget-container\">\n\t\t\t\t\t\t\t\t\t<p>If you want to make a query about any of our products contact Customer Service.<\/p>\n\t\t\t\t\t\t\t\t<\/div>\n\t\t\t\t<\/div>\n\t\t\t\t<div class=\"elementor-element elementor-element-1c889e7 elementor-position-left elementor-vertical-align-middle cs-elementor-contacto-section-areas-link elementor-view-default elementor-mobile-position-top elementor-widget elementor-widget-icon-box\" data-id=\"1c889e7\" data-element_type=\"widget\" data-widget_type=\"icon-box.default\">\n\t\t\t\t<div class=\"elementor-widget-container\">\n\t\t\t\t\t\t\t<div class=\"elementor-icon-box-wrapper\">\n\n\t\t\t\t\t\t<div class=\"elementor-icon-box-icon\">\n\t\t\t\t<a href=\"mailto:atencionalcliente@certisur.com\" class=\"elementor-icon\" tabindex=\"-1\" aria-label=\"atencionalcliente@certisur.com\">\n\t\t\t\t<i aria-hidden=\"true\" class=\"fas fa-envelope\"><\/i>\t\t\t\t<\/a>\n\t\t\t<\/div>\n\t\t\t\n\t\t\t\t\t\t<div class=\"elementor-icon-box-content\">\n\n\t\t\t\t\t\t\t\t\t<h3 class=\"elementor-icon-box-title\">\n\t\t\t\t\t\t<a href=\"mailto:atencionalcliente@certisur.com\" >\n\t\t\t\t\t\t\tatencionalcliente@certisur.com\t\t\t\t\t\t<\/a>\n\t\t\t\t\t<\/h3>\n\t\t\t\t\n\t\t\t\t\n\t\t\t<\/div>\n\t\t\t\n\t\t<\/div>\n\t\t\t\t\t\t<\/div>\n\t\t\t\t<\/div>\n\t\t\t\t<div class=\"elementor-element elementor-element-1a9df23 cs-elementor-contacto-section-areas-phone elementor-widget elementor-widget-text-editor\" data-id=\"1a9df23\" data-element_type=\"widget\" data-widget_type=\"text-editor.default\">\n\t\t\t\t<div class=\"elementor-widget-container\">\n\t\t\t\t\t\t\t\t\t<p><strong>Argentina:<\/strong> (+54 11) 4311-2457 [opci\u00f3n 1]<br \/><strong>Chile:<\/strong> (+56 2) 2583-1121 [opci\u00f3n 1]<br \/><strong>America:<\/strong> (+1 305) 767 2732 [opci\u00f3n 1]<\/p>\n\t\t\t\t\t\t\t\t<\/div>\n\t\t\t\t<\/div>\n\t\t\t\t\t<\/div>\n\t\t<\/div>\n\t\t\t\t<div class=\"elementor-column elementor-col-50 elementor-top-column elementor-element elementor-element-072ffc4 cs-elementor-contacto-section-areas-right\" data-id=\"072ffc4\" data-element_type=\"column\">\n\t\t\t<div class=\"elementor-widget-wrap elementor-element-populated\">\n\t\t\t\t\t\t<div class=\"elementor-element elementor-element-aa4c74c cs-elementor-contacto-section-areas-title elementor-widget elementor-widget-heading\" data-id=\"aa4c74c\" data-element_type=\"widget\" data-widget_type=\"heading.default\">\n\t\t\t\t<div class=\"elementor-widget-container\">\n\t\t\t\t\t<h2 class=\"elementor-heading-title elementor-size-default\">Administration<\/h2>\t\t\t\t<\/div>\n\t\t\t\t<\/div>\n\t\t\t\t<div class=\"elementor-element elementor-element-65d43d9 cs-elementor-contacto-section-areas-intro elementor-widget elementor-widget-text-editor\" data-id=\"65d43d9\" data-element_type=\"widget\" data-widget_type=\"text-editor.default\">\n\t\t\t\t<div class=\"elementor-widget-container\">\n\t\t\t\t\t\t\t\t\t<p>If you wish to consult about matters related to administration, contact this department.<\/p>\n\t\t\t\t\t\t\t\t<\/div>\n\t\t\t\t<\/div>\n\t\t\t\t<div class=\"elementor-element elementor-element-ed94104 elementor-position-left elementor-vertical-align-middle cs-elementor-contacto-section-areas-link elementor-view-default elementor-mobile-position-top elementor-widget elementor-widget-icon-box\" data-id=\"ed94104\" data-element_type=\"widget\" data-widget_type=\"icon-box.default\">\n\t\t\t\t<div class=\"elementor-widget-container\">\n\t\t\t\t\t\t\t<div class=\"elementor-icon-box-wrapper\">\n\n\t\t\t\t\t\t<div class=\"elementor-icon-box-icon\">\n\t\t\t\t<a href=\"mailto:administracion@certisur.com\" class=\"elementor-icon\" tabindex=\"-1\" aria-label=\"administracion@certisur.com\">\n\t\t\t\t<i aria-hidden=\"true\" class=\"fas fa-envelope\"><\/i>\t\t\t\t<\/a>\n\t\t\t<\/div>\n\t\t\t\n\t\t\t\t\t\t<div class=\"elementor-icon-box-content\">\n\n\t\t\t\t\t\t\t\t\t<h3 class=\"elementor-icon-box-title\">\n\t\t\t\t\t\t<a href=\"mailto:administracion@certisur.com\" >\n\t\t\t\t\t\t\tadministracion@certisur.com\t\t\t\t\t\t<\/a>\n\t\t\t\t\t<\/h3>\n\t\t\t\t\n\t\t\t\t\n\t\t\t<\/div>\n\t\t\t\n\t\t<\/div>\n\t\t\t\t\t\t<\/div>\n\t\t\t\t<\/div>\n\t\t\t\t<div class=\"elementor-element elementor-element-0f40450 cs-elementor-contacto-section-areas-phone elementor-widget elementor-widget-text-editor\" data-id=\"0f40450\" data-element_type=\"widget\" data-widget_type=\"text-editor.default\">\n\t\t\t\t<div class=\"elementor-widget-container\">\n\t\t\t\t\t\t\t\t\t<p><strong>Argentina:<\/strong> (+54 11) 4311-2457 [opci\u00f3n 4]<br \/><strong>Chile:<\/strong> (+56 2) 2583-1121 [opci\u00f3n 4]<br \/><strong>America:<\/strong> (+1 305) 767 2732 [opci\u00f3n 4]<\/p>\n\t\t\t\t\t\t\t\t<\/div>\n\t\t\t\t<\/div>\n\t\t\t\t\t<\/div>\n\t\t<\/div>\n\t\t\t\t\t<\/div>\n\t\t<\/section>\n\t\t\t\t<section class=\"elementor-section elementor-top-section elementor-element elementor-element-0068ce9 cs-elementor-contacto-section-offices elementor-section-boxed elementor-section-height-default elementor-section-height-default\" data-id=\"0068ce9\" data-element_type=\"section\">\n\t\t\t\t\t\t<div class=\"elementor-container elementor-column-gap-no\">\n\t\t\t\t\t<div class=\"elementor-column elementor-col-33 elementor-top-column elementor-element elementor-element-745ae79 cs-elementor-contacto-section-offices-col-2\" data-id=\"745ae79\" data-element_type=\"column\" data-settings=\"{&quot;background_background&quot;:&quot;classic&quot;}\">\n\t\t\t<div class=\"elementor-widget-wrap elementor-element-populated\">\n\t\t\t\t\t\t<div class=\"elementor-element elementor-element-f23e8ff cs-elementor-contacto-section-offices-title elementor-widget elementor-widget-heading\" data-id=\"f23e8ff\" data-element_type=\"widget\" data-widget_type=\"heading.default\">\n\t\t\t\t<div class=\"elementor-widget-container\">\n\t\t\t\t\t<h4 class=\"elementor-heading-title elementor-size-default\">CertiSur S.A.<\/h4>\t\t\t\t<\/div>\n\t\t\t\t<\/div>\n\t\t\t\t<div class=\"elementor-element elementor-element-1458bb2 elementor-widget elementor-widget-spacer\" data-id=\"1458bb2\" data-element_type=\"widget\" data-widget_type=\"spacer.default\">\n\t\t\t\t<div class=\"elementor-widget-container\">\n\t\t\t\t\t\t\t<div class=\"elementor-spacer\">\n\t\t\t<div class=\"elementor-spacer-inner\"><\/div>\n\t\t<\/div>\n\t\t\t\t\t\t<\/div>\n\t\t\t\t<\/div>\n\t\t\t\t<div class=\"elementor-element elementor-element-3ff70d7 .cs-elementor-contacto-section-offices-address elementor-widget elementor-widget-text-editor\" data-id=\"3ff70d7\" data-element_type=\"widget\" data-widget_type=\"text-editor.default\">\n\t\t\t\t<div class=\"elementor-widget-container\">\n\t\t\t\t\t\t\t\t\t<p>Av. Santa Fe 788 2\u00b0 Piso (C1059ABO)<br \/>Buenos Aires, Argentina<br \/><b>Phone:<\/b> (+54 11) 4311-2457<\/p>\n\t\t\t\t\t\t\t\t<\/div>\n\t\t\t\t<\/div>\n\t\t\t\t<div class=\"elementor-element elementor-element-ce9126a elementor-position-left elementor-vertical-align-middle cs-elementor-contacto-section-offices-link elementor-view-default elementor-mobile-position-top elementor-widget elementor-widget-icon-box\" data-id=\"ce9126a\" data-element_type=\"widget\" data-widget_type=\"icon-box.default\">\n\t\t\t\t<div class=\"elementor-widget-container\">\n\t\t\t\t\t\t\t<div class=\"elementor-icon-box-wrapper\">\n\n\t\t\t\t\t\t<div class=\"elementor-icon-box-icon\">\n\t\t\t\t<a href=\"https:\/\/goo.gl\/maps\/PNfCn\" target=\"_blank\" rel=\"nofollow\" class=\"elementor-icon\" tabindex=\"-1\" aria-label=\"View and navigate on the map\">\n\t\t\t\t<i aria-hidden=\"true\" class=\"fas fa-map-marker-alt\"><\/i>\t\t\t\t<\/a>\n\t\t\t<\/div>\n\t\t\t\n\t\t\t\t\t\t<div class=\"elementor-icon-box-content\">\n\n\t\t\t\t\t\t\t\t\t<h3 class=\"elementor-icon-box-title\">\n\t\t\t\t\t\t<a href=\"https:\/\/goo.gl\/maps\/PNfCn\" target=\"_blank\" rel=\"nofollow\" >\n\t\t\t\t\t\t\tView and navigate on the map\t\t\t\t\t\t<\/a>\n\t\t\t\t\t<\/h3>\n\t\t\t\t\n\t\t\t\t\n\t\t\t<\/div>\n\t\t\t\n\t\t<\/div>\n\t\t\t\t\t\t<\/div>\n\t\t\t\t<\/div>\n\t\t\t\t\t<\/div>\n\t\t<\/div>\n\t\t\t\t<div class=\"elementor-column elementor-col-33 elementor-top-column elementor-element elementor-element-55269a1 cs-elementor-contacto-section-offices-col-2\" data-id=\"55269a1\" data-element_type=\"column\" data-settings=\"{&quot;background_background&quot;:&quot;classic&quot;}\">\n\t\t\t<div class=\"elementor-widget-wrap elementor-element-populated\">\n\t\t\t\t\t\t<div class=\"elementor-element elementor-element-5c31e89 cs-elementor-contacto-section-offices-title elementor-widget elementor-widget-heading\" data-id=\"5c31e89\" data-element_type=\"widget\" data-widget_type=\"heading.default\">\n\t\t\t\t<div class=\"elementor-widget-container\">\n\t\t\t\t\t<h4 class=\"elementor-heading-title elementor-size-default\">Chile<\/h4>\t\t\t\t<\/div>\n\t\t\t\t<\/div>\n\t\t\t\t<div class=\"elementor-element elementor-element-1bdf702 cs-elementor-contacto-section-offices-country elementor-widget elementor-widget-text-editor\" data-id=\"1bdf702\" data-element_type=\"widget\" data-widget_type=\"text-editor.default\">\n\t\t\t\t<div class=\"elementor-widget-container\">\n\t\t\t\t\t\t\t\t\t<p>CertiSur Chile S.A.<\/p>\n\t\t\t\t\t\t\t\t<\/div>\n\t\t\t\t<\/div>\n\t\t\t\t<div class=\"elementor-element elementor-element-3be1f4f .cs-elementor-contacto-section-offices-address elementor-widget elementor-widget-text-editor\" data-id=\"3be1f4f\" data-element_type=\"widget\" data-widget_type=\"text-editor.default\">\n\t\t\t\t<div class=\"elementor-widget-container\">\n\t\t\t\t\t\t\t\t\t<p>Las Urbinas 53, Oficina 63<br \/>Providencia \u2013 Santiago, Chile<br \/><strong>Phone:<\/strong> (+56 2) 2583-1121<\/p>\n\t\t\t\t\t\t\t\t<\/div>\n\t\t\t\t<\/div>\n\t\t\t\t<div class=\"elementor-element elementor-element-4f4750d elementor-position-left elementor-vertical-align-middle cs-elementor-contacto-section-offices-link elementor-view-default elementor-mobile-position-top elementor-widget elementor-widget-icon-box\" data-id=\"4f4750d\" data-element_type=\"widget\" data-widget_type=\"icon-box.default\">\n\t\t\t\t<div class=\"elementor-widget-container\">\n\t\t\t\t\t\t\t<div class=\"elementor-icon-box-wrapper\">\n\n\t\t\t\t\t\t<div class=\"elementor-icon-box-icon\">\n\t\t\t\t<a href=\"https:\/\/goo.gl\/maps\/TiKTphwfWiK2\" target=\"_blank\" rel=\"nofollow\" class=\"elementor-icon\" tabindex=\"-1\" aria-label=\"View and navigate on the map\">\n\t\t\t\t<i aria-hidden=\"true\" class=\"fas fa-map-marker-alt\"><\/i>\t\t\t\t<\/a>\n\t\t\t<\/div>\n\t\t\t\n\t\t\t\t\t\t<div class=\"elementor-icon-box-content\">\n\n\t\t\t\t\t\t\t\t\t<h3 class=\"elementor-icon-box-title\">\n\t\t\t\t\t\t<a href=\"https:\/\/goo.gl\/maps\/TiKTphwfWiK2\" target=\"_blank\" rel=\"nofollow\" >\n\t\t\t\t\t\t\tView and navigate on the map\t\t\t\t\t\t<\/a>\n\t\t\t\t\t<\/h3>\n\t\t\t\t\n\t\t\t\t\n\t\t\t<\/div>\n\t\t\t\n\t\t<\/div>\n\t\t\t\t\t\t<\/div>\n\t\t\t\t<\/div>\n\t\t\t\t\t<\/div>\n\t\t<\/div>\n\t\t\t\t<div class=\"elementor-column elementor-col-33 elementor-top-column elementor-element elementor-element-7a99598 cs-elementor-contacto-section-offices-col-3\" data-id=\"7a99598\" data-element_type=\"column\" data-settings=\"{&quot;background_background&quot;:&quot;classic&quot;}\">\n\t\t\t<div class=\"elementor-widget-wrap elementor-element-populated\">\n\t\t\t\t\t\t<div class=\"elementor-element elementor-element-b392210 cs-elementor-contacto-section-offices-title elementor-widget elementor-widget-heading\" data-id=\"b392210\" data-element_type=\"widget\" data-widget_type=\"heading.default\">\n\t\t\t\t<div class=\"elementor-widget-container\">\n\t\t\t\t\t<h4 class=\"elementor-heading-title elementor-size-default\">Latin America<\/h4>\t\t\t\t<\/div>\n\t\t\t\t<\/div>\n\t\t\t\t<div class=\"elementor-element elementor-element-9fe876a cs-elementor-contacto-section-offices-country elementor-widget elementor-widget-text-editor\" data-id=\"9fe876a\" data-element_type=\"widget\" data-widget_type=\"text-editor.default\">\n\t\t\t\t<div class=\"elementor-widget-container\">\n\t\t\t\t\t\t\t\t\t<p>Certificadora Suramericana LLC<\/p>\n\t\t\t\t\t\t\t\t<\/div>\n\t\t\t\t<\/div>\n\t\t\t\t<div class=\"elementor-element elementor-element-3576ae3 .cs-elementor-contacto-section-offices-address elementor-widget elementor-widget-text-editor\" data-id=\"3576ae3\" data-element_type=\"widget\" data-widget_type=\"text-editor.default\">\n\t\t\t\t<div class=\"elementor-widget-container\">\n\t\t\t\t\t\t\t\t\t<p>304 Indian Trace Unit 304<br \/>Weston. FL 33326, US<br \/><strong>Phone:<\/strong> (+1 305) 767 2732<\/p>\n\t\t\t\t\t\t\t\t<\/div>\n\t\t\t\t<\/div>\n\t\t\t\t\t<\/div>\n\t\t<\/div>\n\t\t\t\t\t<\/div>\n\t\t<\/section>\n\t\t\t\t<\/div>\n\t\t","protected":false},"excerpt":{"rendered":"<p>Sales If you want to make a query about any of our products contact Customer Service. atencionalcliente@certisur.com Argentina: (+54 11) 4311-2457 [opci\u00f3n 1]Chile: (+56 2) 2583-1121 [opci\u00f3n 1]America: (+1 305) 767 2732 [opci\u00f3n 1] Administration If you wish to consult about matters related to administration, contact this department. administracion@certisur.com Argentina: (+54 11) 4311-2457 [opci\u00f3n 4]Chile: [&hellip;]<\/p>\n","protected":false},"author":1,"featured_media":0,"parent":0,"menu_order":0,"comment_status":"closed","ping_status":"closed","template":"","meta":{"_acf_changed":false,"footnotes":""},"categories":[],"class_list":["post-4977","page","type-page","status-publish","hentry"],"acf":[],"yoast_head":"<!-- This site is optimized with the Yoast SEO plugin v25.6 - https:\/\/yoast.com\/wordpress\/plugins\/seo\/ -->\n<title>CertiSur<\/title>\n<meta name=\"description\" content=\"Contact CertiSur. If you wish to make a query about any of our products, contact our representatives.\" \/>\n<meta name=\"robots\" content=\"index, follow, max-snippet:-1, max-image-preview:large, max-video-preview:-1\" \/>\n<link rel=\"canonical\" href=\"https:\/\/www.certisur.com\/en\/contact\/\" \/>\n<meta property=\"og:locale\" content=\"en_US\" \/>\n<meta property=\"og:type\" content=\"article\" \/>\n<meta property=\"og:title\" content=\"Contact - CertiSur\" \/>\n<meta property=\"og:description\" content=\"Contact CertiSur. If you wish to make a query about any of our products, contact our representatives.\" \/>\n<meta property=\"og:url\" content=\"https:\/\/www.certisur.com\/en\/contact\/\" \/>\n<meta property=\"og:site_name\" content=\"CertiSur\" \/>\n<meta property=\"article:publisher\" content=\"https:\/\/www.facebook.com\/CertiSur\" \/>\n<meta property=\"article:modified_time\" content=\"2023-12-11T16:26:51+00:00\" \/>\n<meta name=\"twitter:card\" content=\"summary_large_image\" \/>\n<meta name=\"twitter:site\" content=\"@CertiSur\" \/>\n<meta name=\"twitter:label1\" content=\"Est. reading time\" \/>\n\t<meta name=\"twitter:data1\" content=\"1 minute\" \/>\n<script type=\"application\/ld+json\" class=\"yoast-schema-graph\">{\"@context\":\"https:\/\/schema.org\",\"@graph\":[{\"@type\":\"WebPage\",\"@id\":\"https:\/\/www.certisur.com\/en\/contact\/\",\"url\":\"https:\/\/www.certisur.com\/en\/contact\/\",\"name\":\"Contact - CertiSur\",\"isPartOf\":{\"@id\":\"https:\/\/www.certisur.com\/en\/#website\"},\"datePublished\":\"2022-08-15T17:02:49+00:00\",\"dateModified\":\"2023-12-11T16:26:51+00:00\",\"description\":\"Contact CertiSur. If you wish to make a query about any of our products, contact our representatives.\",\"inLanguage\":\"en-US\",\"potentialAction\":[{\"@type\":\"ReadAction\",\"target\":[\"https:\/\/www.certisur.com\/en\/contact\/\"]}]},{\"@type\":\"WebSite\",\"@id\":\"https:\/\/www.certisur.com\/en\/#website\",\"url\":\"https:\/\/www.certisur.com\/en\/\",\"name\":\"CertiSur\",\"description\":\"\",\"publisher\":{\"@id\":\"https:\/\/www.certisur.com\/en\/#organization\"},\"potentialAction\":[{\"@type\":\"SearchAction\",\"target\":{\"@type\":\"EntryPoint\",\"urlTemplate\":\"https:\/\/www.certisur.com\/en\/?s={search_term_string}\"},\"query-input\":{\"@type\":\"PropertyValueSpecification\",\"valueRequired\":true,\"valueName\":\"search_term_string\"}}],\"inLanguage\":\"en-US\"},{\"@type\":\"Organization\",\"@id\":\"https:\/\/www.certisur.com\/en\/#organization\",\"name\":\"CertiSur\",\"url\":\"https:\/\/www.certisur.com\/en\/\",\"logo\":{\"@type\":\"ImageObject\",\"inLanguage\":\"en-US\",\"@id\":\"https:\/\/www.certisur.com\/en\/#\/schema\/logo\/image\/\",\"url\":\"https:\/\/www.certisur.com\/wp-content\/uploads\/Logo-CertiSur-Signo-de-Confianza-300dpi-copy.png\",\"contentUrl\":\"https:\/\/www.certisur.com\/wp-content\/uploads\/Logo-CertiSur-Signo-de-Confianza-300dpi-copy.png\",\"width\":3075,\"height\":2483,\"caption\":\"CertiSur\"},\"image\":{\"@id\":\"https:\/\/www.certisur.com\/en\/#\/schema\/logo\/image\/\"},\"sameAs\":[\"https:\/\/www.facebook.com\/CertiSur\",\"https:\/\/x.com\/CertiSur\",\"https:\/\/www.youtube.com\/c\/TecnologaCertiSur\"]}]}<\/script>\n<!-- \/ Yoast SEO plugin. -->","yoast_head_json":{"title":"CertiSur","description":"Contact CertiSur. If you wish to make a query about any of our products, contact our representatives.","robots":{"index":"index","follow":"follow","max-snippet":"max-snippet:-1","max-image-preview":"max-image-preview:large","max-video-preview":"max-video-preview:-1"},"canonical":"https:\/\/www.certisur.com\/en\/contact\/","og_locale":"en_US","og_type":"article","og_title":"Contact - CertiSur","og_description":"Contact CertiSur. If you wish to make a query about any of our products, contact our representatives.","og_url":"https:\/\/www.certisur.com\/en\/contact\/","og_site_name":"CertiSur","article_publisher":"https:\/\/www.facebook.com\/CertiSur","article_modified_time":"2023-12-11T16:26:51+00:00","twitter_card":"summary_large_image","twitter_site":"@CertiSur","twitter_misc":{"Est. reading time":"1 minute"},"schema":{"@context":"https:\/\/schema.org","@graph":[{"@type":"WebPage","@id":"https:\/\/www.certisur.com\/en\/contact\/","url":"https:\/\/www.certisur.com\/en\/contact\/","name":"Contact - CertiSur","isPartOf":{"@id":"https:\/\/www.certisur.com\/en\/#website"},"datePublished":"2022-08-15T17:02:49+00:00","dateModified":"2023-12-11T16:26:51+00:00","description":"Contact CertiSur. If you wish to make a query about any of our products, contact our representatives.","inLanguage":"en-US","potentialAction":[{"@type":"ReadAction","target":["https:\/\/www.certisur.com\/en\/contact\/"]}]},{"@type":"WebSite","@id":"https:\/\/www.certisur.com\/en\/#website","url":"https:\/\/www.certisur.com\/en\/","name":"CertiSur","description":"","publisher":{"@id":"https:\/\/www.certisur.com\/en\/#organization"},"potentialAction":[{"@type":"SearchAction","target":{"@type":"EntryPoint","urlTemplate":"https:\/\/www.certisur.com\/en\/?s={search_term_string}"},"query-input":{"@type":"PropertyValueSpecification","valueRequired":true,"valueName":"search_term_string"}}],"inLanguage":"en-US"},{"@type":"Organization","@id":"https:\/\/www.certisur.com\/en\/#organization","name":"CertiSur","url":"https:\/\/www.certisur.com\/en\/","logo":{"@type":"ImageObject","inLanguage":"en-US","@id":"https:\/\/www.certisur.com\/en\/#\/schema\/logo\/image\/","url":"https:\/\/www.certisur.com\/wp-content\/uploads\/Logo-CertiSur-Signo-de-Confianza-300dpi-copy.png","contentUrl":"https:\/\/www.certisur.com\/wp-content\/uploads\/Logo-CertiSur-Signo-de-Confianza-300dpi-copy.png","width":3075,"height":2483,"caption":"CertiSur"},"image":{"@id":"https:\/\/www.certisur.com\/en\/#\/schema\/logo\/image\/"},"sameAs":["https:\/\/www.facebook.com\/CertiSur","https:\/\/x.com\/CertiSur","https:\/\/www.youtube.com\/c\/TecnologaCertiSur"]}]}},"_links":{"self":[{"href":"https:\/\/www.certisur.com\/en\/wp-json\/wp\/v2\/pages\/4977","targetHints":{"allow":["GET"]}}],"collection":[{"href":"https:\/\/www.certisur.com\/en\/wp-json\/wp\/v2\/pages"}],"about":[{"href":"https:\/\/www.certisur.com\/en\/wp-json\/wp\/v2\/types\/page"}],"author":[{"embeddable":true,"href":"https:\/\/www.certisur.com\/en\/wp-json\/wp\/v2\/users\/1"}],"replies":[{"embeddable":true,"href":"https:\/\/www.certisur.com\/en\/wp-json\/wp\/v2\/comments?post=4977"}],"version-history":[{"count":0,"href":"https:\/\/www.certisur.com\/en\/wp-json\/wp\/v2\/pages\/4977\/revisions"}],"wp:attachment":[{"href":"https:\/\/www.certisur.com\/en\/wp-json\/wp\/v2\/media?parent=4977"}],"wp:term":[{"taxonomy":"category","embeddable":true,"href":"https:\/\/www.certisur.com\/en\/wp-json\/wp\/v2\/categories?post=4977"}],"curies":[{"name":"wp","href":"https:\/\/api.w.org\/{rel}","templated":true}]}}